{"id":821,"date":"2024-01-15T19:22:08","date_gmt":"2024-01-15T18:22:08","guid":{"rendered":"https:\/\/baroudeuses17.fr\/?page_id=821"},"modified":"2025-09-26T13:16:16","modified_gmt":"2025-09-26T11:16:16","slug":"manifestations","status":"publish","type":"page","link":"https:\/\/baroudeuses17.fr\/?page_id=821","title":{"rendered":"Manifestations"},"content":{"rendered":"\t\t<div data-elementor-type=\"wp-page\" data-elementor-id=\"821\" class=\"elementor elementor-821\">\n\t\t\t\t\t\t\t<div class=\"elementor-element elementor-element-1675f240 e-flex e-con-boxed e-con e-parent\" data-id=\"1675f240\" data-element_type=\"container\" data-settings=\"{&quot;content_width&quot;:&quot;boxed&quot;}\" data-core-v316-plus=\"true\">\n\t\t\t\t\t<div class=\"e-con-inner\">\n\t\t\t\t<div class=\"elementor-element elementor-element-61a2c021 elementor-widget elementor-widget-text-editor\" data-id=\"61a2c021\" data-element_type=\"widget\" data-widget_type=\"text-editor.default\">\n\t\t\t\t<div class=\"elementor-widget-container\">\n\t\t\t<style>\/*! elementor - v3.17.0 - 08-11-2023 *\/\n.elementor-widget-text-editor.elementor-drop-cap-view-stacked .elementor-drop-cap{background-color:#69727d;color:#fff}.elementor-widget-text-editor.elementor-drop-cap-view-framed .elementor-drop-cap{color:#69727d;border:3px solid;background-color:transparent}.elementor-widget-text-editor:not(.elementor-drop-cap-view-default) .elementor-drop-cap{margin-top:8px}.elementor-widget-text-editor:not(.elementor-drop-cap-view-default) .elementor-drop-cap-letter{width:1em;height:1em}.elementor-widget-text-editor .elementor-drop-cap{float:left;text-align:center;line-height:1;font-size:50px}.elementor-widget-text-editor .elementor-drop-cap-letter{display:inline-block}<\/style>\t\t\t\t<!-- wp:paragraph -->\n<h4>Pour collecter des fonds nous organisons r\u00e9guli\u00e8rement des manifestations avec l&#8217;ensemble des Baroudeuses, leur famille et amis.<\/h4>\n<!-- \/wp:paragraph --><!-- wp:paragraph -->\n<p>\u00a0<\/p>\n<!-- \/wp:paragraph -->\t\t\t\t\t\t<\/div>\n\t\t\t\t<\/div>\n\t\t\t\t\t<\/div>\n\t\t\t\t<\/div>\n\t\t<div class=\"elementor-element elementor-element-cec61e3 e-flex e-con-boxed e-con e-parent\" data-id=\"cec61e3\" data-element_type=\"container\" data-settings=\"{&quot;content_width&quot;:&quot;boxed&quot;}\" data-core-v316-plus=\"true\">\n\t\t\t\t\t<div class=\"e-con-inner\">\n\t\t<div class=\"elementor-element elementor-element-0f8055f e-con-full e-flex e-con e-child\" data-id=\"0f8055f\" data-element_type=\"container\" data-settings=\"{&quot;content_width&quot;:&quot;full&quot;}\">\n\t\t\t\t<div class=\"elementor-element elementor-element-376f017 elementor-widget elementor-widget-heading\" data-id=\"376f017\" data-element_type=\"widget\" data-widget_type=\"heading.default\">\n\t\t\t\t<div class=\"elementor-widget-container\">\n\t\t\t<style>\/*! elementor - v3.17.0 - 08-11-2023 *\/\n.elementor-heading-title{padding:0;margin:0;line-height:1}.elementor-widget-heading .elementor-heading-title[class*=elementor-size-]>a{color:inherit;font-size:inherit;line-height:inherit}.elementor-widget-heading .elementor-heading-title.elementor-size-small{font-size:15px}.elementor-widget-heading .elementor-heading-title.elementor-size-medium{font-size:19px}.elementor-widget-heading .elementor-heading-title.elementor-size-large{font-size:29px}.elementor-widget-heading .elementor-heading-title.elementor-size-xl{font-size:39px}.elementor-widget-heading .elementor-heading-title.elementor-size-xxl{font-size:59px}<\/style><h2 class=\"elementor-heading-title elementor-size-default\">PROCHAIN RENDEZ-VOUS AVEC LES BAROUDEUSES<br>Samedi 1er Novembre \u00e0 la salle des f\u00eates de Soubise (17) !<\/h2>\t\t<\/div>\n\t\t\t\t<\/div>\n\t\t\t\t<\/div>\n\t\t<div class=\"elementor-element elementor-element-87b8648 e-con-full e-flex e-con e-child\" data-id=\"87b8648\" data-element_type=\"container\" data-settings=\"{&quot;content_width&quot;:&quot;full&quot;}\">\n\t\t\t\t<div class=\"elementor-element elementor-element-4621ad4 elementor-widget elementor-widget-image\" data-id=\"4621ad4\" data-element_type=\"widget\" data-widget_type=\"image.default\">\n\t\t\t\t<div class=\"elementor-widget-container\">\n\t\t\t<style>\/*! elementor - v3.17.0 - 08-11-2023 *\/\n.elementor-widget-image{text-align:center}.elementor-widget-image a{display:inline-block}.elementor-widget-image a img[src$=\".svg\"]{width:48px}.elementor-widget-image img{vertical-align:middle;display:inline-block}<\/style>\t\t\t\t\t\t\t\t\t\t\t\t<img fetchpriority=\"high\" decoding=\"async\" width=\"525\" height=\"743\" src=\"https:\/\/baroudeuses17.fr\/wp-content\/uploads\/2025\/09\/LOTO-1ERNOV-724x1024.jpg\" class=\"attachment-large size-large wp-image-1059\" alt=\"\" srcset=\"https:\/\/baroudeuses17.fr\/wp-content\/uploads\/2025\/09\/LOTO-1ERNOV-724x1024.jpg 724w, https:\/\/baroudeuses17.fr\/wp-content\/uploads\/2025\/09\/LOTO-1ERNOV-212x300.jpg 212w, https:\/\/baroudeuses17.fr\/wp-content\/uploads\/2025\/09\/LOTO-1ERNOV-768x1086.jpg 768w, https:\/\/baroudeuses17.fr\/wp-content\/uploads\/2025\/09\/LOTO-1ERNOV-1087x1536.jpg 1087w, https:\/\/baroudeuses17.fr\/wp-content\/uploads\/2025\/09\/LOTO-1ERNOV.jpg 1415w\" sizes=\"(max-width: 525px) 100vw, 525px\" \/>\t\t\t\t\t\t\t\t\t\t\t\t\t\t\t<\/div>\n\t\t\t\t<\/div>\n\t\t\t\t<\/div>\n\t\t\t\t\t<\/div>\n\t\t\t\t<\/div>\n\t\t<div class=\"elementor-element elementor-element-6e19a5f e-flex e-con-boxed e-con e-parent\" data-id=\"6e19a5f\" data-element_type=\"container\" data-settings=\"{&quot;content_width&quot;:&quot;boxed&quot;}\" data-core-v316-plus=\"true\">\n\t\t\t\t\t<div class=\"e-con-inner\">\n\t\t<div class=\"elementor-element elementor-element-0444bca e-con-full e-flex e-con e-child\" data-id=\"0444bca\" data-element_type=\"container\" data-settings=\"{&quot;content_width&quot;:&quot;full&quot;}\">\n\t\t\t\t<div class=\"elementor-element elementor-element-ca81158 elementor-widget elementor-widget-image\" data-id=\"ca81158\" data-element_type=\"widget\" data-widget_type=\"image.default\">\n\t\t\t\t<div class=\"elementor-widget-container\">\n\t\t\t\t\t\t\t\t\t\t\t\t\t\t\t<img decoding=\"async\" width=\"525\" height=\"743\" src=\"https:\/\/baroudeuses17.fr\/wp-content\/uploads\/2025\/01\/loto-8-fev-724x1024.jpg\" class=\"attachment-large size-large wp-image-966\" alt=\"loto 8 fevrier\" srcset=\"https:\/\/baroudeuses17.fr\/wp-content\/uploads\/2025\/01\/loto-8-fev-724x1024.jpg 724w, https:\/\/baroudeuses17.fr\/wp-content\/uploads\/2025\/01\/loto-8-fev-212x300.jpg 212w, https:\/\/baroudeuses17.fr\/wp-content\/uploads\/2025\/01\/loto-8-fev-768x1086.jpg 768w, https:\/\/baroudeuses17.fr\/wp-content\/uploads\/2025\/01\/loto-8-fev-1087x1536.jpg 1087w, https:\/\/baroudeuses17.fr\/wp-content\/uploads\/2025\/01\/loto-8-fev.jpg 1132w\" sizes=\"(max-width: 525px) 100vw, 525px\" \/>\t\t\t\t\t\t\t\t\t\t\t\t\t\t\t<\/div>\n\t\t\t\t<\/div>\n\t\t\t\t<\/div>\n\t\t<div class=\"elementor-element elementor-element-8b901fc e-con-full e-flex e-con e-child\" data-id=\"8b901fc\" data-element_type=\"container\" data-settings=\"{&quot;content_width&quot;:&quot;full&quot;}\">\n\t\t\t\t<div class=\"elementor-element elementor-element-4e5f19e elementor-widget elementor-widget-image\" data-id=\"4e5f19e\" data-element_type=\"widget\" data-widget_type=\"image.default\">\n\t\t\t\t<div class=\"elementor-widget-container\">\n\t\t\t\t\t\t\t\t\t\t\t\t\t\t\t<img decoding=\"async\" width=\"525\" height=\"743\" src=\"https:\/\/baroudeuses17.fr\/wp-content\/uploads\/2024\/11\/THE-DANSANT-724x1024.jpg\" class=\"attachment-large size-large wp-image-884\" alt=\"\" srcset=\"https:\/\/baroudeuses17.fr\/wp-content\/uploads\/2024\/11\/THE-DANSANT-724x1024.jpg 724w, https:\/\/baroudeuses17.fr\/wp-content\/uploads\/2024\/11\/THE-DANSANT-212x300.jpg 212w, https:\/\/baroudeuses17.fr\/wp-content\/uploads\/2024\/11\/THE-DANSANT-768x1086.jpg 768w, https:\/\/baroudeuses17.fr\/wp-content\/uploads\/2024\/11\/THE-DANSANT-1086x1536.jpg 1086w, https:\/\/baroudeuses17.fr\/wp-content\/uploads\/2024\/11\/THE-DANSANT-1448x2048.jpg 1448w, https:\/\/baroudeuses17.fr\/wp-content\/uploads\/2024\/11\/THE-DANSANT.jpg 1587w\" sizes=\"(max-width: 525px) 100vw, 525px\" \/>\t\t\t\t\t\t\t\t\t\t\t\t\t\t\t<\/div>\n\t\t\t\t<\/div>\n\t\t\t\t<\/div>\n\t\t\t\t\t<\/div>\n\t\t\t\t<\/div>\n\t\t<div class=\"elementor-element elementor-element-deeb491 e-flex e-con-boxed e-con e-parent\" data-id=\"deeb491\" data-element_type=\"container\" data-settings=\"{&quot;content_width&quot;:&quot;boxed&quot;}\" data-core-v316-plus=\"true\">\n\t\t\t\t\t<div class=\"e-con-inner\">\n\t\t<div class=\"elementor-element elementor-element-d5569d8 e-con-full e-flex e-con e-child\" data-id=\"d5569d8\" data-element_type=\"container\" data-settings=\"{&quot;content_width&quot;:&quot;full&quot;}\">\n\t\t\t\t<div class=\"elementor-element elementor-element-aa8172f elementor-widget elementor-widget-text-editor\" data-id=\"aa8172f\" data-element_type=\"widget\" data-widget_type=\"text-editor.default\">\n\t\t\t\t<div class=\"elementor-widget-container\">\n\t\t\t\t\t\t\t<p>Plusieurs fois par an, nous organisons des <b>lotos<\/b> dans les salles de <b>Soubise<\/b> et<b> Rochefort<\/b>.<\/p>\n<p>Le but : r\u00e9colter de l&#8217;argent pour financer nos projets gr\u00e2ce \u00e0 la vente de cartons, de bingo, de tickets de tombola ou encore de nourriture et boissons \u00e0 la buvette.<\/p>\n<p>Une quinzaine de b\u00e9n\u00e9voles assurent le bon d\u00e9roulement de chaque loto que nous organisons avec brio de A \u00e0 Z.<\/p>\n<p>Les b\u00e9n\u00e9fices sont r\u00e9partis sur notre projet \u00e0 l&#8217;\u00e9tranger et nos actions locales.<\/p>\n<p><u><b>NOUVEAUT\u00c9 2025<\/b><\/u> : 1er<b>\u00a0Th\u00e9 Dansant<\/b> organis\u00e9 par l&#8217;association \u00e0 Soubise (17) anim\u00e9 par St\u00e9phanie Moreaux et David Crouzeau le Crooner<\/p>\n<p>\u00a0<\/p>\t\t\t\t\t\t<\/div>\n\t\t\t\t<\/div>\n\t\t\t\t<\/div>\n\t\t\t\t\t<\/div>\n\t\t\t\t<\/div>\n\t\t<div class=\"elementor-element elementor-element-9b9af9d e-flex e-con-boxed e-con e-parent\" data-id=\"9b9af9d\" data-element_type=\"container\" data-settings=\"{&quot;content_width&quot;:&quot;boxed&quot;}\" data-core-v316-plus=\"true\">\n\t\t\t\t\t<div class=\"e-con-inner\">\n\t\t\t\t<div class=\"elementor-element elementor-element-5be60c9 elementor-arrows-position-inside elementor-pagination-position-outside elementor-widget elementor-widget-image-carousel\" data-id=\"5be60c9\" data-element_type=\"widget\" data-settings=\"{&quot;navigation&quot;:&quot;both&quot;,&quot;autoplay&quot;:&quot;yes&quot;,&quot;pause_on_hover&quot;:&quot;yes&quot;,&quot;pause_on_interaction&quot;:&quot;yes&quot;,&quot;autoplay_speed&quot;:5000,&quot;infinite&quot;:&quot;yes&quot;,&quot;speed&quot;:500}\" data-widget_type=\"image-carousel.default\">\n\t\t\t\t<div class=\"elementor-widget-container\">\n\t\t\t<style>\/*! elementor - v3.17.0 - 08-11-2023 *\/\n.elementor-widget-image-carousel .swiper,.elementor-widget-image-carousel .swiper-container{position:static}.elementor-widget-image-carousel .swiper-container .swiper-slide figure,.elementor-widget-image-carousel .swiper .swiper-slide figure{line-height:inherit}.elementor-widget-image-carousel .swiper-slide{text-align:center}.elementor-image-carousel-wrapper:not(.swiper-container-initialized):not(.swiper-initialized) .swiper-slide{max-width:calc(100% \/ var(--e-image-carousel-slides-to-show, 3))}<\/style>\t\t<div class=\"elementor-image-carousel-wrapper swiper\" dir=\"ltr\">\n\t\t\t<div class=\"elementor-image-carousel swiper-wrapper\" aria-live=\"off\">\n\t\t\t\t\t\t\t\t<div class=\"swiper-slide\" role=\"group\" aria-roledescription=\"slide\" aria-label=\"1 of 5\"><figure class=\"swiper-slide-inner\"><img decoding=\"async\" class=\"swiper-slide-image\" src=\"https:\/\/baroudeuses17.fr\/wp-content\/uploads\/2024\/01\/IMG_5302-768x576.png\" alt=\"IMG_5302\" \/><\/figure><\/div><div class=\"swiper-slide\" role=\"group\" aria-roledescription=\"slide\" aria-label=\"2 of 5\"><figure class=\"swiper-slide-inner\"><img decoding=\"async\" class=\"swiper-slide-image\" src=\"https:\/\/baroudeuses17.fr\/wp-content\/uploads\/2024\/01\/792bf9a6-6e83-45ed-8e66-5fce5f4cf31b-768x576.jpg\" alt=\"792bf9a6-6e83-45ed-8e66-5fce5f4cf31b\" \/><\/figure><\/div><div class=\"swiper-slide\" role=\"group\" aria-roledescription=\"slide\" aria-label=\"3 of 5\"><figure class=\"swiper-slide-inner\"><img decoding=\"async\" class=\"swiper-slide-image\" src=\"https:\/\/baroudeuses17.fr\/wp-content\/uploads\/2024\/01\/1f8ffe27-8fed-4e34-a7c5-7aa44224fc1e-768x576.jpg\" alt=\"LOTO SOUBISE decembre 2023\" \/><\/figure><\/div><div class=\"swiper-slide\" role=\"group\" aria-roledescription=\"slide\" aria-label=\"4 of 5\"><figure class=\"swiper-slide-inner\"><img decoding=\"async\" class=\"swiper-slide-image\" src=\"https:\/\/baroudeuses17.fr\/wp-content\/uploads\/2024\/01\/d85c36dd-7828-4265-8455-d91dcf55327d-768x576.jpg\" alt=\"d85c36dd-7828-4265-8455-d91dcf55327d\" \/><\/figure><\/div><div class=\"swiper-slide\" role=\"group\" aria-roledescription=\"slide\" aria-label=\"5 of 5\"><figure class=\"swiper-slide-inner\"><img decoding=\"async\" class=\"swiper-slide-image\" src=\"https:\/\/baroudeuses17.fr\/wp-content\/uploads\/2024\/01\/IMG_0453-768x576.png\" alt=\"equipe baroudeuses\" \/><\/figure><\/div>\t\t\t<\/div>\n\t\t\t\t\t\t\t\t\t\t\t\t<div class=\"elementor-swiper-button elementor-swiper-button-prev\" role=\"button\" tabindex=\"0\">\n\t\t\t\t\t\t<i aria-hidden=\"true\" class=\"eicon-chevron-left\"><\/i>\t\t\t\t\t<\/div>\n\t\t\t\t\t<div class=\"elementor-swiper-button elementor-swiper-button-next\" role=\"button\" tabindex=\"0\">\n\t\t\t\t\t\t<i aria-hidden=\"true\" class=\"eicon-chevron-right\"><\/i>\t\t\t\t\t<\/div>\n\t\t\t\t\n\t\t\t\t\t\t\t\t\t<div class=\"swiper-pagination\"><\/div>\n\t\t\t\t\t\t\t\t\t<\/div>\n\t\t\t\t<\/div>\n\t\t\t\t<\/div>\n\t\t\t\t\t<\/div>\n\t\t\t\t<\/div>\n\t\t<div class=\"elementor-element elementor-element-aac3695 e-flex e-con-boxed e-con e-parent\" data-id=\"aac3695\" data-element_type=\"container\" data-settings=\"{&quot;content_width&quot;:&quot;boxed&quot;}\" data-core-v316-plus=\"true\">\n\t\t\t\t\t<div class=\"e-con-inner\">\n\t\t<div class=\"elementor-element elementor-element-7330824 e-con-full e-flex e-con e-child\" data-id=\"7330824\" data-element_type=\"container\" data-settings=\"{&quot;content_width&quot;:&quot;full&quot;}\">\n\t\t\t\t<div class=\"elementor-element elementor-element-113e625 elementor-widget elementor-widget-image\" data-id=\"113e625\" data-element_type=\"widget\" data-widget_type=\"image.default\">\n\t\t\t\t<div class=\"elementor-widget-container\">\n\t\t\t\t\t\t\t\t\t\t\t\t\t\t\t<img loading=\"lazy\" decoding=\"async\" width=\"525\" height=\"350\" src=\"https:\/\/baroudeuses17.fr\/wp-content\/uploads\/2024\/01\/board-4876630_1280-1024x682.jpg\" class=\"attachment-large size-large wp-image-853\" alt=\"\" srcset=\"https:\/\/baroudeuses17.fr\/wp-content\/uploads\/2024\/01\/board-4876630_1280-1024x682.jpg 1024w, https:\/\/baroudeuses17.fr\/wp-content\/uploads\/2024\/01\/board-4876630_1280-300x200.jpg 300w, https:\/\/baroudeuses17.fr\/wp-content\/uploads\/2024\/01\/board-4876630_1280-768x512.jpg 768w, https:\/\/baroudeuses17.fr\/wp-content\/uploads\/2024\/01\/board-4876630_1280.jpg 1280w\" sizes=\"(max-width: 525px) 100vw, 525px\" \/>\t\t\t\t\t\t\t\t\t\t\t\t\t\t\t<\/div>\n\t\t\t\t<\/div>\n\t\t\t\t<\/div>\n\t\t<div class=\"elementor-element elementor-element-884d14a e-con-full e-flex e-con e-child\" data-id=\"884d14a\" data-element_type=\"container\" data-settings=\"{&quot;content_width&quot;:&quot;full&quot;}\">\n\t\t\t\t<div class=\"elementor-element elementor-element-d27f313 elementor-widget elementor-widget-text-editor\" data-id=\"d27f313\" data-element_type=\"widget\" data-widget_type=\"text-editor.default\">\n\t\t\t\t<div class=\"elementor-widget-container\">\n\t\t\t\t\t\t\t<p>Nous avons le projet de varier nos actions, nous projetons notamment d&#8217;organiser un th\u00e9 dansant&nbsp; d\u00e9but 2025. Nous sommes en qu\u00eate perp\u00e9tuelle de nouvelles id\u00e9es pour dynamiser notre association tout en prenant du plaisir toutes ensemble.<\/p>\t\t\t\t\t\t<\/div>\n\t\t\t\t<\/div>\n\t\t\t\t<\/div>\n\t\t\t\t\t<\/div>\n\t\t\t\t<\/div>\n\t\t<div class=\"elementor-element elementor-element-b8dfb60 e-flex e-con-boxed e-con e-parent\" data-id=\"b8dfb60\" data-element_type=\"container\" data-settings=\"{&quot;content_width&quot;:&quot;boxed&quot;}\" data-core-v316-plus=\"true\">\n\t\t\t\t\t<div class=\"e-con-inner\">\n\t\t\t\t<div class=\"elementor-element elementor-element-a42af6e elementor-widget elementor-widget-heading\" data-id=\"a42af6e\" data-element_type=\"widget\" data-widget_type=\"heading.default\">\n\t\t\t\t<div class=\"elementor-widget-container\">\n\t\t\t<h2 class=\"elementor-heading-title elementor-size-default\">Manifestations annuelles <\/h2>\t\t<\/div>\n\t\t\t\t<\/div>\n\t\t\t\t\t<\/div>\n\t\t\t\t<\/div>\n\t\t<div class=\"elementor-element elementor-element-c2223a3 e-flex e-con-boxed e-con e-parent\" data-id=\"c2223a3\" data-element_type=\"container\" data-settings=\"{&quot;content_width&quot;:&quot;boxed&quot;}\" data-core-v316-plus=\"true\">\n\t\t\t\t\t<div class=\"e-con-inner\">\n\t\t<div class=\"elementor-element elementor-element-e7934cd e-con-full e-flex e-con e-child\" data-id=\"e7934cd\" data-element_type=\"container\" data-settings=\"{&quot;content_width&quot;:&quot;full&quot;}\">\n\t\t\t\t<div class=\"elementor-element elementor-element-cf9d9ef elementor-widget elementor-widget-image\" data-id=\"cf9d9ef\" data-element_type=\"widget\" data-widget_type=\"image.default\">\n\t\t\t\t<div class=\"elementor-widget-container\">\n\t\t\t\t\t\t\t\t\t\t\t\t\t\t\t<img loading=\"lazy\" decoding=\"async\" width=\"525\" height=\"749\" src=\"https:\/\/baroudeuses17.fr\/wp-content\/uploads\/2024\/11\/loto-23-mars-718x1024.png\" class=\"attachment-large size-large wp-image-885\" alt=\"\" srcset=\"https:\/\/baroudeuses17.fr\/wp-content\/uploads\/2024\/11\/loto-23-mars-718x1024.png 718w, https:\/\/baroudeuses17.fr\/wp-content\/uploads\/2024\/11\/loto-23-mars-210x300.png 210w, https:\/\/baroudeuses17.fr\/wp-content\/uploads\/2024\/11\/loto-23-mars-768x1095.png 768w, https:\/\/baroudeuses17.fr\/wp-content\/uploads\/2024\/11\/loto-23-mars-1077x1536.png 1077w, https:\/\/baroudeuses17.fr\/wp-content\/uploads\/2024\/11\/loto-23-mars-1436x2048.png 1436w, https:\/\/baroudeuses17.fr\/wp-content\/uploads\/2024\/11\/loto-23-mars.png 1484w\" sizes=\"(max-width: 525px) 100vw, 525px\" \/>\t\t\t\t\t\t\t\t\t\t\t\t\t\t\t<\/div>\n\t\t\t\t<\/div>\n\t\t\t\t<\/div>\n\t\t<div class=\"elementor-element elementor-element-0013e24 e-con-full e-flex e-con e-child\" data-id=\"0013e24\" data-element_type=\"container\" data-settings=\"{&quot;content_width&quot;:&quot;full&quot;}\">\n\t\t\t\t<div class=\"elementor-element elementor-element-b34aa56 elementor-widget elementor-widget-image\" data-id=\"b34aa56\" data-element_type=\"widget\" data-widget_type=\"image.default\">\n\t\t\t\t<div class=\"elementor-widget-container\">\n\t\t\t\t\t\t\t\t\t\t\t\t\t\t\t<img loading=\"lazy\" decoding=\"async\" width=\"525\" height=\"759\" src=\"https:\/\/baroudeuses17.fr\/wp-content\/uploads\/2024\/01\/f7f9667e-ba2f-4d97-b68d-7f5c8b65a377-708x1024.jpg\" class=\"attachment-large size-large wp-image-823\" alt=\"\" srcset=\"https:\/\/baroudeuses17.fr\/wp-content\/uploads\/2024\/01\/f7f9667e-ba2f-4d97-b68d-7f5c8b65a377-708x1024.jpg 708w, https:\/\/baroudeuses17.fr\/wp-content\/uploads\/2024\/01\/f7f9667e-ba2f-4d97-b68d-7f5c8b65a377-207x300.jpg 207w, https:\/\/baroudeuses17.fr\/wp-content\/uploads\/2024\/01\/f7f9667e-ba2f-4d97-b68d-7f5c8b65a377-768x1110.jpg 768w, https:\/\/baroudeuses17.fr\/wp-content\/uploads\/2024\/01\/f7f9667e-ba2f-4d97-b68d-7f5c8b65a377.jpg 962w\" sizes=\"(max-width: 525px) 100vw, 525px\" \/>\t\t\t\t\t\t\t\t\t\t\t\t\t\t\t<\/div>\n\t\t\t\t<\/div>\n\t\t\t\t<\/div>\n\t\t\t\t\t<\/div>\n\t\t\t\t<\/div>\n\t\t\t\t\t\t\t<\/div>\n\t\t","protected":false},"excerpt":{"rendered":"<p>Pour collecter des fonds nous organisons r\u00e9guli\u00e8rement des manifestations avec l&#8217;ensemble des Baroudeuses, leur famille et amis. \u00a0 PROCHAIN RENDEZ-VOUS AVEC LES BAROUDEUSESSamedi 1er Novembre \u00e0 la salle des f\u00eates de Soubise (17) ! Plusieurs fois par an, nous organisons des lotos dans les salles de Soubise et Rochefort. Le but : r\u00e9colter de l&#8217;argent [&hellip;]<\/p>\n","protected":false},"author":2,"featured_media":0,"parent":0,"menu_order":0,"comment_status":"closed","ping_status":"closed","template":"","meta":{"footnotes":""},"class_list":["post-821","page","type-page","status-publish","hentry"],"_links":{"self":[{"href":"https:\/\/baroudeuses17.fr\/index.php?rest_route=\/wp\/v2\/pages\/821","targetHints":{"allow":["GET"]}}],"collection":[{"href":"https:\/\/baroudeuses17.fr\/index.php?rest_route=\/wp\/v2\/pages"}],"about":[{"href":"https:\/\/baroudeuses17.fr\/index.php?rest_route=\/wp\/v2\/types\/page"}],"author":[{"embeddable":true,"href":"https:\/\/baroudeuses17.fr\/index.php?rest_route=\/wp\/v2\/users\/2"}],"replies":[{"embeddable":true,"href":"https:\/\/baroudeuses17.fr\/index.php?rest_route=%2Fwp%2Fv2%2Fcomments&post=821"}],"version-history":[{"count":31,"href":"https:\/\/baroudeuses17.fr\/index.php?rest_route=\/wp\/v2\/pages\/821\/revisions"}],"predecessor-version":[{"id":1062,"href":"https:\/\/baroudeuses17.fr\/index.php?rest_route=\/wp\/v2\/pages\/821\/revisions\/1062"}],"wp:attachment":[{"href":"https:\/\/baroudeuses17.fr\/index.php?rest_route=%2Fwp%2Fv2%2Fmedia&parent=821"}],"curies":[{"name":"wp","href":"https:\/\/api.w.org\/{rel}","templated":true}]}}